{"id":2,"date":"2023-05-24T17:14:42","date_gmt":"2023-05-24T15:14:42","guid":{"rendered":"http:\/\/cowboyfast.fr\/?page_id=2"},"modified":"2023-08-30T07:49:59","modified_gmt":"2023-08-30T05:49:59","slug":"page-d-exemple","status":"publish","type":"page","link":"https:\/\/cowboyfast.fr\/?page_id=2","title":{"rendered":"Pratique"},"content":{"rendered":"\n<div class=\"wp-block-cover is-light\"><span aria-hidden=\"true\" class=\"wp-block-cover__background has-background-dim\"><\/span><img loading=\"lazy\" decoding=\"async\" width=\"666\" height=\"444\" class=\"wp-block-cover__image-background wp-image-122\" alt=\"\" src=\"https:\/\/cowboyfast.fr\/wp-content\/uploads\/2023\/05\/cdad59686480df2a8763cce441abdd23.jpg\" data-object-fit=\"cover\" srcset=\"https:\/\/cowboyfast.fr\/wp-content\/uploads\/2023\/05\/cdad59686480df2a8763cce441abdd23.jpg 666w, https:\/\/cowboyfast.fr\/wp-content\/uploads\/2023\/05\/cdad59686480df2a8763cce441abdd23-300x200.jpg 300w\" sizes=\"auto, (max-width: 666px) 100vw, 666px\" \/><div class=\"wp-block-cover__inner-container is-layout-flow wp-block-cover-is-layout-flow\">\n<p class=\"has-text-align-center has-large-font-size\">L&rsquo;Entrainement<\/p>\n<\/div><\/div>\n\n\n\n<div style=\"height:10px\" aria-hidden=\"true\" class=\"wp-block-spacer\"><\/div>\n\n\n\n<p>Afin d&rsquo;am\u00e9liorer ses r\u00e9sultats, aussi bien le temps de toucher que le pourcentage de touchers, un entrainement r\u00e9gulier est indispensable.<\/p>\n\n\n\n<p>Le geste doit \u00eatre rapide certes, mais pr\u00e9cis. En effet, un tireur aussi rapide qu&rsquo;il soit, s&rsquo;il ne touche pas la cible, ne gagnera pas les duels.<\/p>\n\n\n\n<p>La cible peut \u00eatre touch\u00e9e \u00e0 n&rsquo;importe quel endroit, pas de cercles concentriques avec des points.<\/p>\n\n\n\n<p>En comp\u00e9tition, elle est recouverte d&rsquo;une graisse blanche afin de valider l&rsquo;impact.<\/p>\n\n\n\n<div class=\"wp-block-buttons is-content-justification-center is-layout-flex wp-container-core-buttons-is-layout-16018d1d wp-block-buttons-is-layout-flex\">\n<div class=\"wp-block-button\"><a class=\"wp-block-button__link has-text-align-center wp-element-button\" href=\"https:\/\/cowboyfast.fr\/?page_id=107\/#precision\" target=\"_blank\" rel=\"noreferrer noopener\">Vid\u00e9o La pr\u00e9cision<\/a><\/div>\n<\/div>\n\n\n\n<div style=\"height:10px\" aria-hidden=\"true\" class=\"wp-block-spacer\"><\/div>\n\n\n\n<h2 class=\"wp-block-heading\">En club<\/h2>\n\n\n\n<p>Si un club de tir avec une section <strong>Cowboy Fast Draw<\/strong> existe, il faut l&rsquo;utiliser pour s&rsquo;entrainer en conditions r\u00e9elles de concours.<\/p>\n\n\n\n<h2 class=\"wp-block-heading\">Chez soi<\/h2>\n\n\n\n<p>L&rsquo;entrainement chez soi est possible avec une cartouche Laser et la cible correspondante qui d\u00e9tecte le rayon lumineux.<\/p>\n\n\n\n<p>Aucun bruit, dans une pi\u00e8ce de longueur minimum 3m, garage, atelier, salon. Pas besoin de lunettes de protection.<\/p>\n\n\n\n<div class=\"wp-block-media-text alignwide is-stacked-on-mobile\" style=\"grid-template-columns:15% auto\"><figure class=\"wp-block-media-text__media\"><img loading=\"lazy\" decoding=\"async\" width=\"768\" height=\"1024\" src=\"https:\/\/cowboyfast.fr\/wp-content\/uploads\/2023\/05\/timer-lasertarget-combo-w-768x1024.jpg\" alt=\"\" class=\"wp-image-240 size-full\" srcset=\"https:\/\/cowboyfast.fr\/wp-content\/uploads\/2023\/05\/timer-lasertarget-combo-w-768x1024.jpg 768w, https:\/\/cowboyfast.fr\/wp-content\/uploads\/2023\/05\/timer-lasertarget-combo-w-225x300.jpg 225w, https:\/\/cowboyfast.fr\/wp-content\/uploads\/2023\/05\/timer-lasertarget-combo-w-1152x1536.jpg 1152w, https:\/\/cowboyfast.fr\/wp-content\/uploads\/2023\/05\/timer-lasertarget-combo-w-1536x2048.jpg 1536w, https:\/\/cowboyfast.fr\/wp-content\/uploads\/2023\/05\/timer-lasertarget-combo-w.jpg 1814w\" sizes=\"auto, (max-width: 768px) 100vw, 768px\" \/><\/figure><div class=\"wp-block-media-text__content\">\n<p>Cible Laser de diam\u00e8tre 8&Prime; avec le syst\u00e8me de chrono<\/p>\n\n\n\n<p>La taille de cette cible \u00e9tant 3 fois plus petite qu&rsquo;une cible standard, la distance avec la ligne de tir est divis\u00e9e par 3, soit 7 pieds = 2,13m.<\/p>\n<\/div><\/div>\n\n\n\n<div style=\"height:18px\" aria-hidden=\"true\" class=\"wp-block-spacer\"><\/div>\n\n\n\n\n\n<div class=\"wp-block-media-text alignwide is-stacked-on-mobile\" style=\"grid-template-columns:15% auto\"><figure class=\"wp-block-media-text__media\"><img loading=\"lazy\" decoding=\"async\" width=\"125\" height=\"135\" src=\"https:\/\/cowboyfast.fr\/wp-content\/uploads\/2023\/05\/g-sightlaser_3_1-1.jpg\" alt=\"\" class=\"wp-image-246 size-full\"\/><\/figure><div class=\"wp-block-media-text__content\">\n<p>Cartouche Laser calibre 45LC. Trois piles boutons internes alimentent le rayon.<\/p>\n<\/div><\/div>\n\n\n\n<div style=\"height:15px\" aria-hidden=\"true\" class=\"wp-block-spacer\"><\/div>\n\n\n\n<h2 class=\"wp-block-heading\">Records<\/h2>\n\n\n\n<div class=\"wp-block-media-text alignwide has-media-on-the-right is-stacked-on-mobile\" style=\"grid-template-columns:auto 15%\"><div class=\"wp-block-media-text__content\">\n<p>Les meilleurs temps enregistr\u00e9s:<\/p>\n\n\n\n<p>Monde homme: sur cible 24&Prime; \u00e0 21&prime; &#8211; Kopperhead Kid <strong>0,289 secondes<\/strong> le 6 octobre 2018<\/p>\n\n\n\n<p>Monde femme: sur cible 24&Prime; \u00e0 21&prime; &#8211; K. K. Kid <strong>0,322 secondes<\/strong> le 30 avril 2021<\/p>\n\n\n\n<p>France homme: sur cible 24&Prime; \u00e0 21&prime; &#8211; Black Eagle Montana <strong>0,384 secondes<\/strong> le 20 janvier 2019<\/p>\n<\/div><figure class=\"wp-block-media-text__media\"><img loading=\"lazy\" decoding=\"async\" width=\"773\" height=\"1024\" src=\"https:\/\/cowboyfast.fr\/wp-content\/uploads\/2023\/05\/Silhouette-773x1024.gif\" alt=\"\" class=\"wp-image-242 size-full\" srcset=\"https:\/\/cowboyfast.fr\/wp-content\/uploads\/2023\/05\/Silhouette-773x1024.gif 773w, https:\/\/cowboyfast.fr\/wp-content\/uploads\/2023\/05\/Silhouette-226x300.gif 226w, https:\/\/cowboyfast.fr\/wp-content\/uploads\/2023\/05\/Silhouette-768x1017.gif 768w, https:\/\/cowboyfast.fr\/wp-content\/uploads\/2023\/05\/Silhouette-1159x1536.gif 1159w, https:\/\/cowboyfast.fr\/wp-content\/uploads\/2023\/05\/Silhouette-1546x2048.gif 1546w\" sizes=\"auto, (max-width: 773px) 100vw, 773px\" \/><\/figure><\/div>\n","protected":false},"excerpt":{"rendered":"<p>Afin d&rsquo;am\u00e9liorer ses r\u00e9sultats, aussi bien le temps de toucher que le pourcentage de touchers, un entrainement r\u00e9gulier est indispensable. Le geste doit \u00eatre rapide certes, mais pr\u00e9cis. En effet, un tireur aussi rapide qu&rsquo;il soit, s&rsquo;il ne touche pas la cible, ne gagnera pas les duels. La cible peut \u00eatre touch\u00e9e \u00e0 n&rsquo;importe quel&hellip;&nbsp;<a href=\"https:\/\/cowboyfast.fr\/?page_id=2\" class=\"\" rel=\"bookmark\">Lire la suite &raquo;<span class=\"screen-reader-text\">Pratique<\/span><\/a><\/p>\n","protected":false},"author":1,"featured_media":0,"parent":0,"menu_order":0,"comment_status":"closed","ping_status":"open","template":"","meta":{"neve_meta_sidebar":"","neve_meta_container":"","neve_meta_enable_content_width":"","neve_meta_content_width":0,"neve_meta_title_alignment":"","neve_meta_author_avatar":"","neve_post_elements_order":"","neve_meta_disable_header":"","neve_meta_disable_footer":"","neve_meta_disable_title":"","footnotes":""},"class_list":["post-2","page","type-page","status-publish","hentry"],"_links":{"self":[{"href":"https:\/\/cowboyfast.fr\/index.php?rest_route=\/wp\/v2\/pages\/2","targetHints":{"allow":["GET"]}}],"collection":[{"href":"https:\/\/cowboyfast.fr\/index.php?rest_route=\/wp\/v2\/pages"}],"about":[{"href":"https:\/\/cowboyfast.fr\/index.php?rest_route=\/wp\/v2\/types\/page"}],"author":[{"embeddable":true,"href":"https:\/\/cowboyfast.fr\/index.php?rest_route=\/wp\/v2\/users\/1"}],"replies":[{"embeddable":true,"href":"https:\/\/cowboyfast.fr\/index.php?rest_route=%2Fwp%2Fv2%2Fcomments&post=2"}],"version-history":[{"count":13,"href":"https:\/\/cowboyfast.fr\/index.php?rest_route=\/wp\/v2\/pages\/2\/revisions"}],"predecessor-version":[{"id":421,"href":"https:\/\/cowboyfast.fr\/index.php?rest_route=\/wp\/v2\/pages\/2\/revisions\/421"}],"wp:attachment":[{"href":"https:\/\/cowboyfast.fr\/index.php?rest_route=%2Fwp%2Fv2%2Fmedia&parent=2"}],"curies":[{"name":"wp","href":"https:\/\/api.w.org\/{rel}","templated":true}]}}